{"id":21,"date":"2022-02-02T11:03:46","date_gmt":"2022-02-02T11:03:46","guid":{"rendered":"https:\/\/myriagram.com\/?page_id=21"},"modified":"2022-03-29T14:12:24","modified_gmt":"2022-03-29T14:12:24","slug":"about-us","status":"publish","type":"page","link":"https:\/\/myriagram.com\/br\/about-us\/","title":{"rendered":"Sobre N\u00f3s"},"content":{"rendered":"<p><span><span class=\"\">Nosso site \u00e9 um site de informa\u00e7\u00f5es especializado em an\u00e1lises de tecnologia e gadgets.<\/span><\/span><\/p>\n<p><span>Ele foi concebido com o objetivo de se tornar um guia excelente para pessoas interessadas em not\u00edcias de tecnologia e tend\u00eancias sobre novos gadgets.<\/span><\/p>\n<p><span><span class=\"goog-text-highlight\">O blog apresenta dicas cl\u00e1ssicas e informa\u00e7\u00f5es \u00fateis sobre as \u00faltimas tend\u00eancias em<\/span><\/span><br \/>\n<em><strong><span><span class=\"goog-text-highlight\">Tecnologia e Gadgets<\/span><\/span><\/strong><\/em><\/p>\n","protected":false},"excerpt":{"rendered":"<p>Nosso site \u00e9 um site de informa\u00e7\u00f5es especializado em an\u00e1lises de tecnologia e gadgets. Ele foi concebido com o objetivo de se tornar um guia excelente para pessoas interessadas em&hellip;<\/p>\n","protected":false},"author":1,"featured_media":0,"parent":0,"menu_order":0,"comment_status":"closed","ping_status":"closed","template":"","meta":{"footnotes":""},"class_list":["post-21","page","type-page","status-publish"],"_links":{"self":[{"href":"https:\/\/myriagram.com\/br\/wp-json\/wp\/v2\/pages\/21","targetHints":{"allow":["GET"]}}],"collection":[{"href":"https:\/\/myriagram.com\/br\/wp-json\/wp\/v2\/pages"}],"about":[{"href":"https:\/\/myriagram.com\/br\/wp-json\/wp\/v2\/types\/page"}],"author":[{"embeddable":true,"href":"https:\/\/myriagram.com\/br\/wp-json\/wp\/v2\/users\/1"}],"replies":[{"embeddable":true,"href":"https:\/\/myriagram.com\/br\/wp-json\/wp\/v2\/comments?post=21"}],"version-history":[{"count":6,"href":"https:\/\/myriagram.com\/br\/wp-json\/wp\/v2\/pages\/21\/revisions"}],"predecessor-version":[{"id":503,"href":"https:\/\/myriagram.com\/br\/wp-json\/wp\/v2\/pages\/21\/revisions\/503"}],"wp:attachment":[{"href":"https:\/\/myriagram.com\/br\/wp-json\/wp\/v2\/media?parent=21"}],"curies":[{"name":"wp","href":"https:\/\/api.w.org\/{rel}","templated":true}]}}