{"id":21,"date":"2022-02-02T11:03:46","date_gmt":"2022-02-02T11:03:46","guid":{"rendered":"https:\/\/myriagram.com\/?page_id=21"},"modified":"2022-03-29T14:23:29","modified_gmt":"2022-03-29T14:23:29","slug":"about-us","status":"publish","type":"page","link":"https:\/\/myriagram.com\/fr\/about-us\/","title":{"rendered":"\u00c0 Propos de Nous"},"content":{"rendered":"<p><span class=\"\">Notre site est un site d\u2019information sp\u00e9cialis\u00e9 dans les critiques de technologies et de gadgets.<\/span><\/p>\n<p>Il a \u00e9t\u00e9 conceptualis\u00e9 dans le but de devenir un guide exceptionnel pour les personnes int\u00e9ress\u00e9es par l\u2019actualit\u00e9 technologique et les tendances concernant les nouveaux gadgets.<\/p>\n<p>Le blog propose des astuces classiques et des informations utiles sur les derni\u00e8res tendances en mati\u00e8re de<br \/>\n<em><strong>Technologie et de gadgets<\/strong><\/em><\/p>\n","protected":false},"excerpt":{"rendered":"<p>Notre site est un site d\u2019information sp\u00e9cialis\u00e9 dans les critiques de technologies et de gadgets. Il a \u00e9t\u00e9 conceptualis\u00e9 dans le but de devenir un guide exceptionnel pour les personnes&hellip;<\/p>\n","protected":false},"author":1,"featured_media":0,"parent":0,"menu_order":0,"comment_status":"closed","ping_status":"closed","template":"","meta":{"footnotes":""},"class_list":["post-21","page","type-page","status-publish"],"_links":{"self":[{"href":"https:\/\/myriagram.com\/fr\/wp-json\/wp\/v2\/pages\/21","targetHints":{"allow":["GET"]}}],"collection":[{"href":"https:\/\/myriagram.com\/fr\/wp-json\/wp\/v2\/pages"}],"about":[{"href":"https:\/\/myriagram.com\/fr\/wp-json\/wp\/v2\/types\/page"}],"author":[{"embeddable":true,"href":"https:\/\/myriagram.com\/fr\/wp-json\/wp\/v2\/users\/1"}],"replies":[{"embeddable":true,"href":"https:\/\/myriagram.com\/fr\/wp-json\/wp\/v2\/comments?post=21"}],"version-history":[{"count":6,"href":"https:\/\/myriagram.com\/fr\/wp-json\/wp\/v2\/pages\/21\/revisions"}],"predecessor-version":[{"id":386,"href":"https:\/\/myriagram.com\/fr\/wp-json\/wp\/v2\/pages\/21\/revisions\/386"}],"wp:attachment":[{"href":"https:\/\/myriagram.com\/fr\/wp-json\/wp\/v2\/media?parent=21"}],"curies":[{"name":"wp","href":"https:\/\/api.w.org\/{rel}","templated":true}]}}