{"id":21,"date":"2022-02-02T11:03:46","date_gmt":"2022-02-02T11:03:46","guid":{"rendered":"https:\/\/myriagram.com\/?page_id=21"},"modified":"2022-05-23T10:01:38","modified_gmt":"2022-05-23T10:01:38","slug":"about-us","status":"publish","type":"page","link":"https:\/\/myriagram.com\/pl\/about-us\/","title":{"rendered":"O nas"},"content":{"rendered":"<p><span><span class=\"\">Nasza strona jest serwisem informacyjnym specjalizuj\u0105cym si\u0119 w recenzjach technologii i gad\u017cet\u00f3w.<\/span><\/span><\/p>\n<p><span>Zosta\u0142 opracowany z my\u015bl\u0105 o tym, aby sta\u0107 si\u0119 znakomitym przewodnikiem dla os\u00f3b zainteresowanych nowinkami technicznymi i trendami dotycz\u0105cymi nowych gad\u017cet\u00f3w.<\/span><\/p>\n<p><span><span class=\"goog-text-highlight\">Na blogu znajdziesz klasyczne porady i przydatne informacje o najnowszych trendach w<\/span><\/span><br \/>\n<em><strong><span><span class=\"goog-text-highlight\">technologii i gad\u017cetach<\/span><\/span><\/strong><\/em><\/p>\n<p>&nbsp;<\/p>\n","protected":false},"excerpt":{"rendered":"<p>Nasza strona jest serwisem informacyjnym specjalizuj\u0105cym si\u0119 w recenzjach technologii i gad\u017cet\u00f3w. Zosta\u0142 opracowany z my\u015bl\u0105 o tym, aby sta\u0107 si\u0119 znakomitym przewodnikiem dla os\u00f3b zainteresowanych nowinkami technicznymi i trendami&hellip;<\/p>\n","protected":false},"author":1,"featured_media":0,"parent":0,"menu_order":0,"comment_status":"closed","ping_status":"closed","template":"","meta":{"footnotes":""},"class_list":["post-21","page","type-page","status-publish"],"_links":{"self":[{"href":"https:\/\/myriagram.com\/pl\/wp-json\/wp\/v2\/pages\/21","targetHints":{"allow":["GET"]}}],"collection":[{"href":"https:\/\/myriagram.com\/pl\/wp-json\/wp\/v2\/pages"}],"about":[{"href":"https:\/\/myriagram.com\/pl\/wp-json\/wp\/v2\/types\/page"}],"author":[{"embeddable":true,"href":"https:\/\/myriagram.com\/pl\/wp-json\/wp\/v2\/users\/1"}],"replies":[{"embeddable":true,"href":"https:\/\/myriagram.com\/pl\/wp-json\/wp\/v2\/comments?post=21"}],"version-history":[{"count":1,"href":"https:\/\/myriagram.com\/pl\/wp-json\/wp\/v2\/pages\/21\/revisions"}],"predecessor-version":[{"id":430,"href":"https:\/\/myriagram.com\/pl\/wp-json\/wp\/v2\/pages\/21\/revisions\/430"}],"wp:attachment":[{"href":"https:\/\/myriagram.com\/pl\/wp-json\/wp\/v2\/media?parent=21"}],"curies":[{"name":"wp","href":"https:\/\/api.w.org\/{rel}","templated":true}]}}