{"id":21,"date":"2022-02-02T11:03:46","date_gmt":"2022-02-02T11:03:46","guid":{"rendered":"https:\/\/myriagram.com\/?page_id=21"},"modified":"2022-03-29T14:31:16","modified_gmt":"2022-03-29T14:31:16","slug":"about-us","status":"publish","type":"page","link":"https:\/\/myriagram.com\/tr\/about-us\/","title":{"rendered":"Bizim Hakk\u0131m\u0131zda"},"content":{"rendered":"<p>Sitemiz, teknoloji ve gadget incelemelerinde uzmanla\u015fm\u0131\u015f bir bilgi sitesidir.<\/p>\n<p>Teknoloji haberleri ve yeni gadget\u2019larla ilgili trendlerle ilgilenen ki\u015filer i\u00e7in ola\u011fan\u00fcst\u00fc bir rehber olma hedefiyle kavramsalla\u015ft\u0131r\u0131lm\u0131\u015ft\u0131r.<\/p>\n<p><em><strong><span class=\"\">Blog, Teknoloji ve Gadget\u2019lardaki<\/span><\/strong><\/em><span class=\"\">\u00a0en son trendler hakk\u0131nda klasik ipu\u00e7lar\u0131 ve faydal\u0131 bilgiler i\u00e7eriyor<\/span><\/p>\n","protected":false},"excerpt":{"rendered":"<p>Sitemiz, teknoloji ve gadget incelemelerinde uzmanla\u015fm\u0131\u015f bir bilgi sitesidir. Teknoloji haberleri ve yeni gadget\u2019larla ilgili trendlerle ilgilenen ki\u015filer i\u00e7in ola\u011fan\u00fcst\u00fc bir rehber olma hedefiyle kavramsalla\u015ft\u0131r\u0131lm\u0131\u015ft\u0131r. Blog, Teknoloji ve Gadget\u2019lardaki\u00a0en son&hellip;<\/p>\n","protected":false},"author":1,"featured_media":0,"parent":0,"menu_order":0,"comment_status":"closed","ping_status":"closed","template":"","meta":{"footnotes":""},"class_list":["post-21","page","type-page","status-publish"],"_links":{"self":[{"href":"https:\/\/myriagram.com\/tr\/wp-json\/wp\/v2\/pages\/21","targetHints":{"allow":["GET"]}}],"collection":[{"href":"https:\/\/myriagram.com\/tr\/wp-json\/wp\/v2\/pages"}],"about":[{"href":"https:\/\/myriagram.com\/tr\/wp-json\/wp\/v2\/types\/page"}],"author":[{"embeddable":true,"href":"https:\/\/myriagram.com\/tr\/wp-json\/wp\/v2\/users\/1"}],"replies":[{"embeddable":true,"href":"https:\/\/myriagram.com\/tr\/wp-json\/wp\/v2\/comments?post=21"}],"version-history":[{"count":5,"href":"https:\/\/myriagram.com\/tr\/wp-json\/wp\/v2\/pages\/21\/revisions"}],"predecessor-version":[{"id":371,"href":"https:\/\/myriagram.com\/tr\/wp-json\/wp\/v2\/pages\/21\/revisions\/371"}],"wp:attachment":[{"href":"https:\/\/myriagram.com\/tr\/wp-json\/wp\/v2\/media?parent=21"}],"curies":[{"name":"wp","href":"https:\/\/api.w.org\/{rel}","templated":true}]}}